{"id":8,"date":"2020-04-09T09:12:39","date_gmt":"2020-04-09T09:12:39","guid":{"rendered":"https:\/\/p-it-s.com\/?page_id=8"},"modified":"2020-04-14T13:52:50","modified_gmt":"2020-04-14T13:52:50","slug":"ueber-uns","status":"publish","type":"page","link":"https:\/\/p-it-s.com\/index.php\/ueber-uns\/","title":{"rendered":"\u00dcber uns"},"content":{"rendered":"\n<p><strong>Wir liefern Ihnen als zertifiziertes TISAX Level 3 Unternehmen IT Security in jedweder Auspr\u00e4gung. Profitieren Sie von unserem langj\u00e4hrigen Erfahrungsschatz und setzen Impulse f\u00fcr Ihr Unternehmen.<\/strong><\/p>\n","protected":false},"excerpt":{"rendered":"<p>Wir liefern Ihnen als zertifiziertes TISAX Level 3 Unternehmen IT Security in jedweder Auspr\u00e4gung. Profitieren Sie von unserem langj\u00e4hrigen Erfahrungsschatz und setzen Impulse f\u00fcr Ihr Unternehmen.<\/p>\n","protected":false},"author":1,"featured_media":0,"parent":0,"menu_order":0,"comment_status":"closed","ping_status":"closed","template":"","meta":{"footnotes":""},"class_list":["post-8","page","type-page","status-publish","hentry"],"yoast_head":"<!-- This site is optimized with the Yoast SEO plugin v27.5 - https:\/\/yoast.com\/product\/yoast-seo-wordpress\/ -->\n<title>\u00dcber uns - Premium IT Solutions<\/title>\n<meta name=\"robots\" content=\"index, follow, max-snippet:-1, max-image-preview:large, max-video-preview:-1\" \/>\n<link rel=\"canonical\" href=\"https:\/\/p-it-s.com\/index.php\/ueber-uns\/\" \/>\n<meta property=\"og:locale\" content=\"de_DE\" \/>\n<meta property=\"og:type\" content=\"article\" \/>\n<meta property=\"og:title\" content=\"\u00dcber uns - Premium IT Solutions\" \/>\n<meta property=\"og:description\" content=\"Wir liefern Ihnen als zertifiziertes TISAX Level 3 Unternehmen IT Security in jedweder Auspr\u00e4gung. Profitieren Sie von unserem langj\u00e4hrigen Erfahrungsschatz und setzen Impulse f\u00fcr Ihr Unternehmen.\" \/>\n<meta property=\"og:url\" content=\"https:\/\/p-it-s.com\/index.php\/ueber-uns\/\" \/>\n<meta property=\"og:site_name\" content=\"Premium IT Solutions\" \/>\n<meta property=\"article:modified_time\" content=\"2020-04-14T13:52:50+00:00\" \/>\n<meta name=\"twitter:card\" content=\"summary_large_image\" \/>\n<script type=\"application\/ld+json\" class=\"yoast-schema-graph\">{\"@context\":\"https:\\\/\\\/schema.org\",\"@graph\":[{\"@type\":\"WebPage\",\"@id\":\"https:\\\/\\\/p-it-s.com\\\/index.php\\\/ueber-uns\\\/\",\"url\":\"https:\\\/\\\/p-it-s.com\\\/index.php\\\/ueber-uns\\\/\",\"name\":\"\u00dcber uns - Premium IT Solutions\",\"isPartOf\":{\"@id\":\"https:\\\/\\\/p-it-s.com\\\/#website\"},\"datePublished\":\"2020-04-09T09:12:39+00:00\",\"dateModified\":\"2020-04-14T13:52:50+00:00\",\"breadcrumb\":{\"@id\":\"https:\\\/\\\/p-it-s.com\\\/index.php\\\/ueber-uns\\\/#breadcrumb\"},\"inLanguage\":\"de\",\"potentialAction\":[{\"@type\":\"ReadAction\",\"target\":[\"https:\\\/\\\/p-it-s.com\\\/index.php\\\/ueber-uns\\\/\"]}]},{\"@type\":\"BreadcrumbList\",\"@id\":\"https:\\\/\\\/p-it-s.com\\\/index.php\\\/ueber-uns\\\/#breadcrumb\",\"itemListElement\":[{\"@type\":\"ListItem\",\"position\":1,\"name\":\"Home\",\"item\":\"https:\\\/\\\/p-it-s.com\\\/\"},{\"@type\":\"ListItem\",\"position\":2,\"name\":\"\u00dcber uns\"}]},{\"@type\":\"WebSite\",\"@id\":\"https:\\\/\\\/p-it-s.com\\\/#website\",\"url\":\"https:\\\/\\\/p-it-s.com\\\/\",\"name\":\"Premium IT Solutions\",\"description\":\"\",\"publisher\":{\"@id\":\"https:\\\/\\\/p-it-s.com\\\/#organization\"},\"potentialAction\":[{\"@type\":\"SearchAction\",\"target\":{\"@type\":\"EntryPoint\",\"urlTemplate\":\"https:\\\/\\\/p-it-s.com\\\/?s={search_term_string}\"},\"query-input\":{\"@type\":\"PropertyValueSpecification\",\"valueRequired\":true,\"valueName\":\"search_term_string\"}}],\"inLanguage\":\"de\"},{\"@type\":\"Organization\",\"@id\":\"https:\\\/\\\/p-it-s.com\\\/#organization\",\"name\":\"Premium IT Solutions\",\"url\":\"https:\\\/\\\/p-it-s.com\\\/\",\"logo\":{\"@type\":\"ImageObject\",\"inLanguage\":\"de\",\"@id\":\"https:\\\/\\\/p-it-s.com\\\/#\\\/schema\\\/logo\\\/image\\\/\",\"url\":\"https:\\\/\\\/p-it-s.com\\\/wp-content\\\/uploads\\\/2020\\\/04\\\/cropped-Pits_stahl-2.jpg\",\"contentUrl\":\"https:\\\/\\\/p-it-s.com\\\/wp-content\\\/uploads\\\/2020\\\/04\\\/cropped-Pits_stahl-2.jpg\",\"width\":1381,\"height\":754,\"caption\":\"Premium IT Solutions\"},\"image\":{\"@id\":\"https:\\\/\\\/p-it-s.com\\\/#\\\/schema\\\/logo\\\/image\\\/\"}}]}<\/script>\n<!-- \/ Yoast SEO plugin. -->","yoast_head_json":{"title":"\u00dcber uns - Premium IT Solutions","robots":{"index":"index","follow":"follow","max-snippet":"max-snippet:-1","max-image-preview":"max-image-preview:large","max-video-preview":"max-video-preview:-1"},"canonical":"https:\/\/p-it-s.com\/index.php\/ueber-uns\/","og_locale":"de_DE","og_type":"article","og_title":"\u00dcber uns - Premium IT Solutions","og_description":"Wir liefern Ihnen als zertifiziertes TISAX Level 3 Unternehmen IT Security in jedweder Auspr\u00e4gung. Profitieren Sie von unserem langj\u00e4hrigen Erfahrungsschatz und setzen Impulse f\u00fcr Ihr Unternehmen.","og_url":"https:\/\/p-it-s.com\/index.php\/ueber-uns\/","og_site_name":"Premium IT Solutions","article_modified_time":"2020-04-14T13:52:50+00:00","twitter_card":"summary_large_image","schema":{"@context":"https:\/\/schema.org","@graph":[{"@type":"WebPage","@id":"https:\/\/p-it-s.com\/index.php\/ueber-uns\/","url":"https:\/\/p-it-s.com\/index.php\/ueber-uns\/","name":"\u00dcber uns - Premium IT Solutions","isPartOf":{"@id":"https:\/\/p-it-s.com\/#website"},"datePublished":"2020-04-09T09:12:39+00:00","dateModified":"2020-04-14T13:52:50+00:00","breadcrumb":{"@id":"https:\/\/p-it-s.com\/index.php\/ueber-uns\/#breadcrumb"},"inLanguage":"de","potentialAction":[{"@type":"ReadAction","target":["https:\/\/p-it-s.com\/index.php\/ueber-uns\/"]}]},{"@type":"BreadcrumbList","@id":"https:\/\/p-it-s.com\/index.php\/ueber-uns\/#breadcrumb","itemListElement":[{"@type":"ListItem","position":1,"name":"Home","item":"https:\/\/p-it-s.com\/"},{"@type":"ListItem","position":2,"name":"\u00dcber uns"}]},{"@type":"WebSite","@id":"https:\/\/p-it-s.com\/#website","url":"https:\/\/p-it-s.com\/","name":"Premium IT Solutions","description":"","publisher":{"@id":"https:\/\/p-it-s.com\/#organization"},"potentialAction":[{"@type":"SearchAction","target":{"@type":"EntryPoint","urlTemplate":"https:\/\/p-it-s.com\/?s={search_term_string}"},"query-input":{"@type":"PropertyValueSpecification","valueRequired":true,"valueName":"search_term_string"}}],"inLanguage":"de"},{"@type":"Organization","@id":"https:\/\/p-it-s.com\/#organization","name":"Premium IT Solutions","url":"https:\/\/p-it-s.com\/","logo":{"@type":"ImageObject","inLanguage":"de","@id":"https:\/\/p-it-s.com\/#\/schema\/logo\/image\/","url":"https:\/\/p-it-s.com\/wp-content\/uploads\/2020\/04\/cropped-Pits_stahl-2.jpg","contentUrl":"https:\/\/p-it-s.com\/wp-content\/uploads\/2020\/04\/cropped-Pits_stahl-2.jpg","width":1381,"height":754,"caption":"Premium IT Solutions"},"image":{"@id":"https:\/\/p-it-s.com\/#\/schema\/logo\/image\/"}}]}},"_links":{"self":[{"href":"https:\/\/p-it-s.com\/index.php\/wp-json\/wp\/v2\/pages\/8","targetHints":{"allow":["GET"]}}],"collection":[{"href":"https:\/\/p-it-s.com\/index.php\/wp-json\/wp\/v2\/pages"}],"about":[{"href":"https:\/\/p-it-s.com\/index.php\/wp-json\/wp\/v2\/types\/page"}],"author":[{"embeddable":true,"href":"https:\/\/p-it-s.com\/index.php\/wp-json\/wp\/v2\/users\/1"}],"replies":[{"embeddable":true,"href":"https:\/\/p-it-s.com\/index.php\/wp-json\/wp\/v2\/comments?post=8"}],"version-history":[{"count":3,"href":"https:\/\/p-it-s.com\/index.php\/wp-json\/wp\/v2\/pages\/8\/revisions"}],"predecessor-version":[{"id":49,"href":"https:\/\/p-it-s.com\/index.php\/wp-json\/wp\/v2\/pages\/8\/revisions\/49"}],"wp:attachment":[{"href":"https:\/\/p-it-s.com\/index.php\/wp-json\/wp\/v2\/media?parent=8"}],"curies":[{"name":"wp","href":"https:\/\/api.w.org\/{rel}","templated":true}]}}