{"id":7,"date":"2020-04-09T09:12:39","date_gmt":"2020-04-09T09:12:39","guid":{"rendered":"https:\/\/p-it-s.com\/?page_id=7"},"modified":"2020-04-14T16:06:06","modified_gmt":"2020-04-14T16:06:06","slug":"the-new-umoma-opens-its-doors-2","status":"publish","type":"page","link":"https:\/\/p-it-s.com\/","title":{"rendered":"Premium IT Solutions"},"content":{"rendered":"\n<div class=\"wp-block-group alignwide\"><div class=\"wp-block-group__inner-container is-layout-flow wp-block-group-is-layout-flow\">\n<div class=\"wp-block-media-text alignwide is-stacked-on-mobile\"><figure class=\"wp-block-media-text__media\"><img loading=\"lazy\" decoding=\"async\" width=\"1024\" height=\"683\" src=\"https:\/\/p-it-s.com\/wp-content\/uploads\/2020\/04\/hacking-2964100_1920-1024x683.jpg\" alt=\"\" class=\"wp-image-72\" srcset=\"https:\/\/p-it-s.com\/wp-content\/uploads\/2020\/04\/hacking-2964100_1920-1024x683.jpg 1024w, https:\/\/p-it-s.com\/wp-content\/uploads\/2020\/04\/hacking-2964100_1920-300x200.jpg 300w, https:\/\/p-it-s.com\/wp-content\/uploads\/2020\/04\/hacking-2964100_1920-768x512.jpg 768w, https:\/\/p-it-s.com\/wp-content\/uploads\/2020\/04\/hacking-2964100_1920-1536x1024.jpg 1536w, https:\/\/p-it-s.com\/wp-content\/uploads\/2020\/04\/hacking-2964100_1920-1200x800.jpg 1200w, https:\/\/p-it-s.com\/wp-content\/uploads\/2020\/04\/hacking-2964100_1920.jpg 1920w\" sizes=\"auto, (max-width: 1024px) 100vw, 1024px\" \/><\/figure><div class=\"wp-block-media-text__content\">\n<p class=\"has-large-font-size\">Wir bieten Ihnen Schutz vor Zugriffen Dritter und analysieren Ihr Netzwerk auf vorhandene Schwachstellen.<\/p>\n<\/div><\/div>\n<\/div><\/div>\n\n\n\n<div class=\"wp-block-media-text alignwide has-media-on-the-right is-stacked-on-mobile\"><figure class=\"wp-block-media-text__media\"><img loading=\"lazy\" decoding=\"async\" width=\"1024\" height=\"641\" src=\"https:\/\/p-it-s.com\/wp-content\/uploads\/2020\/04\/block-chain-3055701_1920-1024x641.jpg\" alt=\"\" class=\"wp-image-86\" srcset=\"https:\/\/p-it-s.com\/wp-content\/uploads\/2020\/04\/block-chain-3055701_1920-1024x641.jpg 1024w, https:\/\/p-it-s.com\/wp-content\/uploads\/2020\/04\/block-chain-3055701_1920-300x188.jpg 300w, https:\/\/p-it-s.com\/wp-content\/uploads\/2020\/04\/block-chain-3055701_1920-768x481.jpg 768w, https:\/\/p-it-s.com\/wp-content\/uploads\/2020\/04\/block-chain-3055701_1920-1536x962.jpg 1536w, https:\/\/p-it-s.com\/wp-content\/uploads\/2020\/04\/block-chain-3055701_1920-1200x751.jpg 1200w, https:\/\/p-it-s.com\/wp-content\/uploads\/2020\/04\/block-chain-3055701_1920.jpg 1920w\" sizes=\"auto, (max-width: 1024px) 100vw, 1024px\" \/><\/figure><div class=\"wp-block-media-text__content\">\n<p class=\"has-large-font-size\">Nutzen Sie unabh\u00e4ngige \u00dcbertragungsverfahren und verlassen Sie sich nicht nur auf Aussagen. Wir lesen f\u00fcr Sie das Kleingedruckte und beraten Sie, Ihre Informationswege rechtskonform abzubilden.<\/p>\n<\/div><\/div>\n\n\n\n<h2 class=\"wp-block-heading\">Haben Sie Ihre Informationen unter Kontrolle?<\/h2>\n\n\n\n<h2 class=\"wp-block-heading\">Wir zeigen Ihnen die M\u00f6glichkeiten mit Effektiven Kontrollmechanismen. Lassen Sie Ihren Daten nicht freien Lauf.<\/h2>\n\n\n\n<div class=\"wp-block-columns alignwide is-layout-flex wp-container-core-columns-is-layout-9d6595d7 wp-block-columns-is-layout-flex\">\n<div class=\"wp-block-column is-layout-flow wp-block-column-is-layout-flow\">\n<div class=\"wp-block-group is-layout-flow wp-block-group-is-layout-flow\"><div class=\"wp-block-group__inner-container\"><\/div><\/div>\n\n\n\n<p><\/p>\n<\/div>\n\n\n\n<div class=\"wp-block-column is-layout-flow wp-block-column-is-layout-flow\"><\/div>\n<\/div>\n\n\n\n<h2 class=\"has-text-align-center wp-block-heading\"><strong>Wir geben Ihnen Zeit f\u00fcr Sch\u00f6neres<\/strong><\/h2>\n\n\n\n<div class=\"wp-block-group alignwide\"><div class=\"wp-block-group__inner-container is-layout-flow wp-block-group-is-layout-flow\">\n<p>Mehr als 10 Jahre Erfahrung mit Hard- und Software der gesamten Microsoft, Linux und Apple Umgebungen machen uns zu einem starken Partner in Sachen Netzwerk, Systemtechnik und IT-Support.<\/p>\n\n\n\n<p><strong>SERVICE:<\/strong><\/p>\n\n\n\n<p>Wir beraten Sie \u00fcber die M\u00f6glichkeiten von Systemtechnik und realisieren mit und f\u00fcr Sie komplexe Projekte nach Ihren Anforderungen. Wir befreien Sie von unn\u00f6tiger EDV-Technik und zeigen Ihnen Optionen f\u00fcr mehr Effizienz, Leistungsf\u00e4higkeit und Kostenersparnis. Wir Optimieren f\u00fcr Sie das Netzwerk, passen Ihre Software den Gegebenheiten an und gew\u00e4hrleisten die Stabilit\u00e4t Ihrer EDV-Einheiten und deren Verbindung.<\/p>\n<\/div><\/div>\n\n\n\n<h2 class=\"wp-block-heading\">Lassen Sie sich von uns auf der Gradwanderung der Rechtssicherheit beraten.<\/h2>\n\n\n\n<p class=\"has-large-font-size\"><strong>IT Service mit Professionalit\u00e4t<\/strong><\/p>\n\n\n\n<p>P-IT-S &#8211; Premium IT Solutions&nbsp;bietet fundierten und kompetenten IT-Service, von der Beratung, Konzeption, Implementierung bis zum Support von komplexen Informations- und Kommunikationsl\u00f6sungen. Dabei wollen wir uns als zuverl\u00e4ssiger Partner im regionalen Umfeld erweisen.<\/p>\n","protected":false},"excerpt":{"rendered":"<p>Wir bieten Ihnen Schutz vor Zugriffen Dritter und analysieren Ihr Netzwerk auf vorhandene Schwachstellen. Nutzen Sie unabh\u00e4ngige \u00dcbertragungsverfahren und verlassen Sie sich nicht nur auf Aussagen. Wir lesen f\u00fcr Sie das Kleingedruckte und beraten Sie, Ihre Informationswege rechtskonform abzubilden. Haben Sie Ihre Informationen unter Kontrolle? Wir zeigen Ihnen die M\u00f6glichkeiten mit Effektiven Kontrollmechanismen. Lassen Sie [&hellip;]<\/p>\n","protected":false},"author":1,"featured_media":80,"parent":0,"menu_order":0,"comment_status":"closed","ping_status":"closed","template":"","meta":{"footnotes":""},"class_list":["post-7","page","type-page","status-publish","has-post-thumbnail","hentry"],"yoast_head":"<!-- This site is optimized with the Yoast SEO plugin v27.5 - https:\/\/yoast.com\/product\/yoast-seo-wordpress\/ -->\n<title>Premium IT Solutions - Premium IT Solutions<\/title>\n<meta name=\"robots\" content=\"index, follow, max-snippet:-1, max-image-preview:large, max-video-preview:-1\" \/>\n<link rel=\"canonical\" href=\"https:\/\/p-it-s.com\/\" \/>\n<meta property=\"og:locale\" content=\"de_DE\" \/>\n<meta property=\"og:type\" content=\"article\" \/>\n<meta property=\"og:title\" content=\"Premium IT Solutions - Premium IT Solutions\" \/>\n<meta property=\"og:description\" content=\"Wir bieten Ihnen Schutz vor Zugriffen Dritter und analysieren Ihr Netzwerk auf vorhandene Schwachstellen. Nutzen Sie unabh\u00e4ngige \u00dcbertragungsverfahren und verlassen Sie sich nicht nur auf Aussagen. Wir lesen f\u00fcr Sie das Kleingedruckte und beraten Sie, Ihre Informationswege rechtskonform abzubilden. Haben Sie Ihre Informationen unter Kontrolle? Wir zeigen Ihnen die M\u00f6glichkeiten mit Effektiven Kontrollmechanismen. Lassen Sie [&hellip;]\" \/>\n<meta property=\"og:url\" content=\"https:\/\/p-it-s.com\/\" \/>\n<meta property=\"og:site_name\" content=\"Premium IT Solutions\" \/>\n<meta property=\"article:modified_time\" content=\"2020-04-14T16:06:06+00:00\" \/>\n<meta property=\"og:image\" content=\"https:\/\/p-it-s.com\/wp-content\/uploads\/2020\/04\/vpn-for-home-security-4086524_1920.jpg\" \/>\n\t<meta property=\"og:image:width\" content=\"1920\" \/>\n\t<meta property=\"og:image:height\" content=\"1280\" \/>\n\t<meta property=\"og:image:type\" content=\"image\/jpeg\" \/>\n<meta name=\"twitter:card\" content=\"summary_large_image\" \/>\n<meta name=\"twitter:label1\" content=\"Gesch\u00e4tzte Lesezeit\" \/>\n\t<meta name=\"twitter:data1\" content=\"1\u00a0Minute\" \/>\n<script type=\"application\/ld+json\" class=\"yoast-schema-graph\">{\"@context\":\"https:\\\/\\\/schema.org\",\"@graph\":[{\"@type\":\"WebPage\",\"@id\":\"https:\\\/\\\/p-it-s.com\\\/\",\"url\":\"https:\\\/\\\/p-it-s.com\\\/\",\"name\":\"Premium IT Solutions - Premium IT Solutions\",\"isPartOf\":{\"@id\":\"https:\\\/\\\/p-it-s.com\\\/#website\"},\"primaryImageOfPage\":{\"@id\":\"https:\\\/\\\/p-it-s.com\\\/#primaryimage\"},\"image\":{\"@id\":\"https:\\\/\\\/p-it-s.com\\\/#primaryimage\"},\"thumbnailUrl\":\"https:\\\/\\\/p-it-s.com\\\/wp-content\\\/uploads\\\/2020\\\/04\\\/vpn-for-home-security-4086524_1920.jpg\",\"datePublished\":\"2020-04-09T09:12:39+00:00\",\"dateModified\":\"2020-04-14T16:06:06+00:00\",\"breadcrumb\":{\"@id\":\"https:\\\/\\\/p-it-s.com\\\/#breadcrumb\"},\"inLanguage\":\"de\",\"potentialAction\":[{\"@type\":\"ReadAction\",\"target\":[\"https:\\\/\\\/p-it-s.com\\\/\"]}]},{\"@type\":\"ImageObject\",\"inLanguage\":\"de\",\"@id\":\"https:\\\/\\\/p-it-s.com\\\/#primaryimage\",\"url\":\"https:\\\/\\\/p-it-s.com\\\/wp-content\\\/uploads\\\/2020\\\/04\\\/vpn-for-home-security-4086524_1920.jpg\",\"contentUrl\":\"https:\\\/\\\/p-it-s.com\\\/wp-content\\\/uploads\\\/2020\\\/04\\\/vpn-for-home-security-4086524_1920.jpg\",\"width\":1920,\"height\":1280},{\"@type\":\"BreadcrumbList\",\"@id\":\"https:\\\/\\\/p-it-s.com\\\/#breadcrumb\",\"itemListElement\":[{\"@type\":\"ListItem\",\"position\":1,\"name\":\"Home\",\"item\":\"https:\\\/\\\/p-it-s.com\\\/\"},{\"@type\":\"ListItem\",\"position\":2,\"name\":\"Premium IT Solutions\"}]},{\"@type\":\"WebSite\",\"@id\":\"https:\\\/\\\/p-it-s.com\\\/#website\",\"url\":\"https:\\\/\\\/p-it-s.com\\\/\",\"name\":\"Premium IT Solutions\",\"description\":\"\",\"publisher\":{\"@id\":\"https:\\\/\\\/p-it-s.com\\\/#organization\"},\"potentialAction\":[{\"@type\":\"SearchAction\",\"target\":{\"@type\":\"EntryPoint\",\"urlTemplate\":\"https:\\\/\\\/p-it-s.com\\\/?s={search_term_string}\"},\"query-input\":{\"@type\":\"PropertyValueSpecification\",\"valueRequired\":true,\"valueName\":\"search_term_string\"}}],\"inLanguage\":\"de\"},{\"@type\":\"Organization\",\"@id\":\"https:\\\/\\\/p-it-s.com\\\/#organization\",\"name\":\"Premium IT Solutions\",\"url\":\"https:\\\/\\\/p-it-s.com\\\/\",\"logo\":{\"@type\":\"ImageObject\",\"inLanguage\":\"de\",\"@id\":\"https:\\\/\\\/p-it-s.com\\\/#\\\/schema\\\/logo\\\/image\\\/\",\"url\":\"https:\\\/\\\/p-it-s.com\\\/wp-content\\\/uploads\\\/2020\\\/04\\\/cropped-Pits_stahl-2.jpg\",\"contentUrl\":\"https:\\\/\\\/p-it-s.com\\\/wp-content\\\/uploads\\\/2020\\\/04\\\/cropped-Pits_stahl-2.jpg\",\"width\":1381,\"height\":754,\"caption\":\"Premium IT Solutions\"},\"image\":{\"@id\":\"https:\\\/\\\/p-it-s.com\\\/#\\\/schema\\\/logo\\\/image\\\/\"}}]}<\/script>\n<!-- \/ Yoast SEO plugin. -->","yoast_head_json":{"title":"Premium IT Solutions - Premium IT Solutions","robots":{"index":"index","follow":"follow","max-snippet":"max-snippet:-1","max-image-preview":"max-image-preview:large","max-video-preview":"max-video-preview:-1"},"canonical":"https:\/\/p-it-s.com\/","og_locale":"de_DE","og_type":"article","og_title":"Premium IT Solutions - Premium IT Solutions","og_description":"Wir bieten Ihnen Schutz vor Zugriffen Dritter und analysieren Ihr Netzwerk auf vorhandene Schwachstellen. Nutzen Sie unabh\u00e4ngige \u00dcbertragungsverfahren und verlassen Sie sich nicht nur auf Aussagen. Wir lesen f\u00fcr Sie das Kleingedruckte und beraten Sie, Ihre Informationswege rechtskonform abzubilden. Haben Sie Ihre Informationen unter Kontrolle? Wir zeigen Ihnen die M\u00f6glichkeiten mit Effektiven Kontrollmechanismen. Lassen Sie [&hellip;]","og_url":"https:\/\/p-it-s.com\/","og_site_name":"Premium IT Solutions","article_modified_time":"2020-04-14T16:06:06+00:00","og_image":[{"width":1920,"height":1280,"url":"https:\/\/p-it-s.com\/wp-content\/uploads\/2020\/04\/vpn-for-home-security-4086524_1920.jpg","type":"image\/jpeg"}],"twitter_card":"summary_large_image","twitter_misc":{"Gesch\u00e4tzte Lesezeit":"1\u00a0Minute"},"schema":{"@context":"https:\/\/schema.org","@graph":[{"@type":"WebPage","@id":"https:\/\/p-it-s.com\/","url":"https:\/\/p-it-s.com\/","name":"Premium IT Solutions - Premium IT Solutions","isPartOf":{"@id":"https:\/\/p-it-s.com\/#website"},"primaryImageOfPage":{"@id":"https:\/\/p-it-s.com\/#primaryimage"},"image":{"@id":"https:\/\/p-it-s.com\/#primaryimage"},"thumbnailUrl":"https:\/\/p-it-s.com\/wp-content\/uploads\/2020\/04\/vpn-for-home-security-4086524_1920.jpg","datePublished":"2020-04-09T09:12:39+00:00","dateModified":"2020-04-14T16:06:06+00:00","breadcrumb":{"@id":"https:\/\/p-it-s.com\/#breadcrumb"},"inLanguage":"de","potentialAction":[{"@type":"ReadAction","target":["https:\/\/p-it-s.com\/"]}]},{"@type":"ImageObject","inLanguage":"de","@id":"https:\/\/p-it-s.com\/#primaryimage","url":"https:\/\/p-it-s.com\/wp-content\/uploads\/2020\/04\/vpn-for-home-security-4086524_1920.jpg","contentUrl":"https:\/\/p-it-s.com\/wp-content\/uploads\/2020\/04\/vpn-for-home-security-4086524_1920.jpg","width":1920,"height":1280},{"@type":"BreadcrumbList","@id":"https:\/\/p-it-s.com\/#breadcrumb","itemListElement":[{"@type":"ListItem","position":1,"name":"Home","item":"https:\/\/p-it-s.com\/"},{"@type":"ListItem","position":2,"name":"Premium IT Solutions"}]},{"@type":"WebSite","@id":"https:\/\/p-it-s.com\/#website","url":"https:\/\/p-it-s.com\/","name":"Premium IT Solutions","description":"","publisher":{"@id":"https:\/\/p-it-s.com\/#organization"},"potentialAction":[{"@type":"SearchAction","target":{"@type":"EntryPoint","urlTemplate":"https:\/\/p-it-s.com\/?s={search_term_string}"},"query-input":{"@type":"PropertyValueSpecification","valueRequired":true,"valueName":"search_term_string"}}],"inLanguage":"de"},{"@type":"Organization","@id":"https:\/\/p-it-s.com\/#organization","name":"Premium IT Solutions","url":"https:\/\/p-it-s.com\/","logo":{"@type":"ImageObject","inLanguage":"de","@id":"https:\/\/p-it-s.com\/#\/schema\/logo\/image\/","url":"https:\/\/p-it-s.com\/wp-content\/uploads\/2020\/04\/cropped-Pits_stahl-2.jpg","contentUrl":"https:\/\/p-it-s.com\/wp-content\/uploads\/2020\/04\/cropped-Pits_stahl-2.jpg","width":1381,"height":754,"caption":"Premium IT Solutions"},"image":{"@id":"https:\/\/p-it-s.com\/#\/schema\/logo\/image\/"}}]}},"_links":{"self":[{"href":"https:\/\/p-it-s.com\/index.php\/wp-json\/wp\/v2\/pages\/7","targetHints":{"allow":["GET"]}}],"collection":[{"href":"https:\/\/p-it-s.com\/index.php\/wp-json\/wp\/v2\/pages"}],"about":[{"href":"https:\/\/p-it-s.com\/index.php\/wp-json\/wp\/v2\/types\/page"}],"author":[{"embeddable":true,"href":"https:\/\/p-it-s.com\/index.php\/wp-json\/wp\/v2\/users\/1"}],"replies":[{"embeddable":true,"href":"https:\/\/p-it-s.com\/index.php\/wp-json\/wp\/v2\/comments?post=7"}],"version-history":[{"count":19,"href":"https:\/\/p-it-s.com\/index.php\/wp-json\/wp\/v2\/pages\/7\/revisions"}],"predecessor-version":[{"id":91,"href":"https:\/\/p-it-s.com\/index.php\/wp-json\/wp\/v2\/pages\/7\/revisions\/91"}],"wp:featuredmedia":[{"embeddable":true,"href":"https:\/\/p-it-s.com\/index.php\/wp-json\/wp\/v2\/media\/80"}],"wp:attachment":[{"href":"https:\/\/p-it-s.com\/index.php\/wp-json\/wp\/v2\/media?parent=7"}],"curies":[{"name":"wp","href":"https:\/\/api.w.org\/{rel}","templated":true}]}}